{"id":34083,"date":"2025-03-26T15:36:54","date_gmt":"2025-03-26T15:36:54","guid":{"rendered":"https:\/\/www.searebbel.com\/?page_id=34083"},"modified":"2025-03-26T15:51:20","modified_gmt":"2025-03-26T15:51:20","slug":"declaracion-de-conformidad-ue","status":"publish","type":"page","link":"https:\/\/www.searebbel.com\/es\/declaracion-de-conformidad-ue\/","title":{"rendered":"Declaraci\u00f3n de Conformidad (UE)"},"content":{"rendered":"\t\t<div data-elementor-type=\"wp-page\" data-elementor-id=\"34083\" class=\"elementor elementor-34083 elementor-34062\">\n\t\t\t\t\t\t<section class=\"elementor-section elementor-top-section elementor-element elementor-element-3d81678 elementor-section-boxed elementor-section-height-default elementor-section-height-default\" data-id=\"3d81678\" data-element_type=\"section\">\n\t\t\t\t\t\t<div class=\"elementor-container elementor-column-gap-default\">\n\t\t\t\t\t<div class=\"elementor-column elementor-col-100 elementor-top-column elementor-element elementor-element-5f6b0af\" data-id=\"5f6b0af\" data-element_type=\"column\">\n\t\t\t<div class=\"elementor-widget-wrap elementor-element-populated\">\n\t\t\t\t\t\t<div class=\"elementor-element elementor-element-abb7bf0 elementor-widget elementor-widget-text-editor\" data-id=\"abb7bf0\" data-element_type=\"widget\" data-widget_type=\"text-editor.default\">\n\t\t\t\t<div class=\"elementor-widget-container\">\n\t\t\t\t\t\t\t<p><b>El fabricante:<\/b><\/p>\n<p><b>Searebbel S.L.<\/b><b><br \/><\/b><span style=\"font-weight: 400;\">Carrer Poeta Costa i Llobera, 47<\/span><span style=\"font-weight: 400;\"><br \/><\/span><span style=\"font-weight: 400;\">07300 Inca (Mallorca, Islas Baleares), Espa\u00f1a<\/span><span style=\"font-weight: 400;\"><br \/><\/span><span style=\"font-weight: 400;\">Email: info@searebbel.com<\/span><\/p>\n<p><span style=\"font-weight: 400;\">Declara bajo su exclusiva responsabilidad que el producto:<\/span><\/p>\n<ul>\n<li style=\"font-weight: 400;\" aria-level=\"1\"><b>Nombre del producto:<\/b><span style=\"font-weight: 400;\"> MobilePilot<\/span><span style=\"font-weight: 400;\"><br \/><br \/><\/span><\/li>\n<li style=\"font-weight: 400;\" aria-level=\"1\"><b>Modelo:<\/b><span style=\"font-weight: 400;\"> Aur<\/span><span style=\"font-weight: 400;\"><br \/><br \/><\/span><\/li>\n<li style=\"font-weight: 400;\" aria-level=\"1\"><b>Descripci\u00f3n:<\/b><span style=\"font-weight: 400;\"> Dispositivo de control electr\u00f3nico con conectividad inal\u00e1mbrica para uso en embarcaciones recreativas. <\/span><span style=\"font-weight: 400;\"><br \/><br \/><\/span><\/li>\n<\/ul>\n<p><span style=\"font-weight: 400;\">Cumple con los requisitos esenciales y otras disposiciones relevantes de las siguientes directivas de la Uni\u00f3n Europea:<\/span><\/p>\n<ul>\n<li style=\"font-weight: 400;\" aria-level=\"1\"><b>Directiva 2014\/53\/UE<\/b><span style=\"font-weight: 400;\"> sobre equipos radioel\u00e9ctricos (RED)<\/span><span style=\"font-weight: 400;\"><br \/><br \/><\/span><\/li>\n<li style=\"font-weight: 400;\" aria-level=\"1\"><b>Directiva 2011\/65\/UE<\/b><span style=\"font-weight: 400;\"> sobre la restricci\u00f3n del uso de ciertas sustancias peligrosas en aparatos el\u00e9ctricos y electr\u00f3nicos (RoHS)<\/span><span style=\"font-weight: 400;\"><br \/><br \/><\/span><\/li>\n<li style=\"font-weight: 400;\" aria-level=\"1\"><b>Reglamento (UE) 2019\/1020<\/b><span style=\"font-weight: 400;\"> sobre vigilancia del mercado<\/span><span style=\"font-weight: 400;\"><br \/><br \/><\/span><\/li>\n<\/ul>\n<p><span style=\"font-weight: 400;\">Se han aplicado las siguientes normas armonizadas:<\/span><\/p>\n<ul>\n<li style=\"font-weight: 400;\" aria-level=\"1\"><span style=\"font-weight: 400;\">EN 301 489-1 V2.2.3: Compatibilidad electromagn\u00e9tica<\/span><span style=\"font-weight: 400;\"><br \/><br \/><\/span><\/li>\n<li style=\"font-weight: 400;\" aria-level=\"1\"><span style=\"font-weight: 400;\">EN 301 489-17 V3.2.4: Compatibilidad electromagn\u00e9tica para equipos de transmisi\u00f3n de datos<\/span><span style=\"font-weight: 400;\"><br \/><br \/><\/span><\/li>\n<li style=\"font-weight: 400;\" aria-level=\"1\"><span style=\"font-weight: 400;\">EN 300 328 V2.2.2: Transmisi\u00f3n de datos mediante radiofrecuencia (2.4 GHz)<\/span><span style=\"font-weight: 400;\"><br \/><br \/><\/span><\/li>\n<li style=\"font-weight: 400;\" aria-level=\"1\"><span style=\"font-weight: 400;\">EN 62368-1:2020: Requisitos de seguridad para equipos el\u00e9ctricos y electr\u00f3nicos<\/span><span style=\"font-weight: 400;\"><br \/><br \/><\/span><\/li>\n<\/ul>\n<p><span style=\"font-weight: 400;\">Emitido en Mallorca (Baleares), Espa\u00f1a<\/span><\/p>\t\t\t\t\t\t<\/div>\n\t\t\t\t<\/div>\n\t\t\t\t\t<\/div>\n\t\t<\/div>\n\t\t\t\t\t<\/div>\n\t\t<\/section>\n\t\t\t\t<section class=\"elementor-section elementor-top-section elementor-element elementor-element-cd02981 elementor-section-boxed elementor-section-height-default elementor-section-height-default\" data-id=\"cd02981\" data-element_type=\"section\">\n\t\t\t\t\t\t<div class=\"elementor-container elementor-column-gap-default\">\n\t\t\t\t\t<div class=\"elementor-column elementor-col-100 elementor-top-column elementor-element elementor-element-b3103b5\" data-id=\"b3103b5\" data-element_type=\"column\">\n\t\t\t<div class=\"elementor-widget-wrap elementor-element-populated\">\n\t\t\t\t\t\t<div class=\"elementor-element elementor-element-4e1126d elementor-align-center elementor-widget elementor-widget-button\" data-id=\"4e1126d\" data-element_type=\"widget\" data-widget_type=\"button.default\">\n\t\t\t\t<div class=\"elementor-widget-container\">\n\t\t\t\t\t\t\t<div class=\"elementor-button-wrapper\">\n\t\t\t\t\t<a class=\"elementor-button elementor-button-link elementor-size-sm\" href=\"#\">\n\t\t\t\t\t\t<span class=\"elementor-button-content-wrapper\">\n\t\t\t\t\t\t\t\t\t<span class=\"elementor-button-text\">Descargar<\/span>\n\t\t\t\t\t<\/span>\n\t\t\t\t\t<\/a>\n\t\t\t\t<\/div>\n\t\t\t\t\t\t<\/div>\n\t\t\t\t<\/div>\n\t\t\t\t\t<\/div>\n\t\t<\/div>\n\t\t\t\t\t<\/div>\n\t\t<\/section>\n\t\t\t\t<\/div>\n\t\t","protected":false},"excerpt":{"rendered":"<p>El fabricante: Searebbel S.L.Carrer Poeta Costa i Llobera, 4707300 Inca (Mallorca, Islas Baleares), Espa\u00f1aEmail: info@searebbel.com Declara bajo su exclusiva responsabilidad que el producto: Nombre del producto: MobilePilot Modelo: Aur Descripci\u00f3n: Dispositivo de control electr\u00f3nico con conectividad inal\u00e1mbrica para uso en embarcaciones recreativas. Cumple con los requisitos esenciales y otras disposiciones relevantes de las siguientes directivas [&hellip;]<\/p>\n","protected":false},"author":2,"featured_media":0,"parent":0,"menu_order":0,"comment_status":"closed","ping_status":"closed","template":"","meta":{"_acf_changed":false,"inline_featured_image":false,"footnotes":""},"class_list":["post-34083","page","type-page","status-publish","hentry"],"acf":[],"_links":{"self":[{"href":"https:\/\/www.searebbel.com\/es\/wp-json\/wp\/v2\/pages\/34083","targetHints":{"allow":["GET"]}}],"collection":[{"href":"https:\/\/www.searebbel.com\/es\/wp-json\/wp\/v2\/pages"}],"about":[{"href":"https:\/\/www.searebbel.com\/es\/wp-json\/wp\/v2\/types\/page"}],"author":[{"embeddable":true,"href":"https:\/\/www.searebbel.com\/es\/wp-json\/wp\/v2\/users\/2"}],"replies":[{"embeddable":true,"href":"https:\/\/www.searebbel.com\/es\/wp-json\/wp\/v2\/comments?post=34083"}],"version-history":[{"count":5,"href":"https:\/\/www.searebbel.com\/es\/wp-json\/wp\/v2\/pages\/34083\/revisions"}],"predecessor-version":[{"id":34088,"href":"https:\/\/www.searebbel.com\/es\/wp-json\/wp\/v2\/pages\/34083\/revisions\/34088"}],"wp:attachment":[{"href":"https:\/\/www.searebbel.com\/es\/wp-json\/wp\/v2\/media?parent=34083"}],"curies":[{"name":"wp","href":"https:\/\/api.w.org\/{rel}","templated":true}]}}