{"id":1644,"date":"2023-11-13T07:57:27","date_gmt":"2023-11-13T07:57:27","guid":{"rendered":"https:\/\/www.searebbel.com\/terminos-y-condiciones-2\/"},"modified":"2025-04-14T15:36:20","modified_gmt":"2025-04-14T15:36:20","slug":"terminos-y-condiciones","status":"publish","type":"page","link":"https:\/\/www.searebbel.com\/es\/terminos-y-condiciones\/","title":{"rendered":"T\u00e9rminos y condiciones"},"content":{"rendered":"\t\t<div data-elementor-type=\"wp-page\" data-elementor-id=\"1644\" class=\"elementor elementor-1644 elementor-542\">\n\t\t\t\t\t\t<section class=\"elementor-section elementor-top-section elementor-element elementor-element-74a2e401 elementor-section-boxed elementor-section-height-default elementor-section-height-default\" data-id=\"74a2e401\" data-element_type=\"section\">\n\t\t\t\t\t\t<div class=\"elementor-container elementor-column-gap-default\">\n\t\t\t\t\t<div class=\"elementor-column elementor-col-100 elementor-top-column elementor-element elementor-element-648f96e7\" data-id=\"648f96e7\" data-element_type=\"column\">\n\t\t\t<div class=\"elementor-widget-wrap elementor-element-populated\">\n\t\t\t\t\t\t<div class=\"elementor-element elementor-element-366a0d85 elementor-widget elementor-widget-text-editor\" data-id=\"366a0d85\" data-element_type=\"widget\" data-widget_type=\"text-editor.default\">\n\t\t\t\t<div class=\"elementor-widget-container\">\n\t\t\t\t\t\t\t<p>\u00daltima actualizaci\u00f3n: 14 de abril de 2025<\/p><p>Bienvenido\/a a la p\u00e1gina web de Searebbel (en adelante, \u201cla Web\u201d), titularidad de SEAREBBEL S.L., con CIF B42842898, y domicilio social en Carrer Poeta Costa i Llobera, 47, Inca, 07300, Islas Baleares, Espa\u00f1a.<\/p><p>Al acceder, navegar o utilizar esta Web, usted acepta los presentes T\u00e9rminos y Condiciones de uso. Le rogamos que los lea detenidamente. Si no est\u00e1 de acuerdo con alguno de ellos, le recomendamos no utilizar la Web ni los productos o servicios que en ella se ofrecen.<\/p><h5><b>1. Objeto<\/b><\/h5><p>El presente documento regula las condiciones de acceso y uso de la Web de Searebbel, as\u00ed como la informaci\u00f3n relacionada con los productos de asistencia a la navegaci\u00f3n desarrollados y comercializados por SEAREBBEL S.L.<\/p><h5><b>2. Acceso y uso de la Web<\/b><\/h5><ul><li>El acceso a la Web es libre y gratuito.<\/li><li>SEAREBBEL S.L. se reserva el derecho a modificar, limitar o cancelar el acceso a esta Web en cualquier momento y sin previo aviso.<\/li><li>El uso de la Web por parte del usuario deber\u00e1 realizarse de forma responsable, l\u00edcita y conforme a estos T\u00e9rminos y Condiciones.<\/li><\/ul><h5><b>3. Propiedad intelectual e industrial<\/b><\/h5><ul><li>Todos los contenidos de esta Web (textos, im\u00e1genes, logos, marcas, dise\u00f1os, estructura, c\u00f3digo fuente, etc.) est\u00e1n protegidos por derechos de propiedad intelectual e industrial titularidad de SEAREBBEL o de terceros que han autorizado su uso.<\/li><li>Queda estrictamente prohibida la reproducci\u00f3n, distribuci\u00f3n, comunicaci\u00f3n p\u00fablica, transformaci\u00f3n o cualquier otra forma de explotaci\u00f3n sin autorizaci\u00f3n previa y por escrito del titular.<\/li><\/ul><h5><b>4. Productos y servicios<\/b><\/h5><ul><li>Los productos presentados en la Web est\u00e1n destinados a facilitar la navegaci\u00f3n asistida en embarcaciones de recreo mediante sistemas electr\u00f3nicos de apoyo.<\/li><li>SEAREBBEL S.L. no ofrece, por el momento, venta directa de productos a trav\u00e9s de esta Web.<\/li><li>La disponibilidad, certificaciones y condiciones de uso de los productos deben consultarse con los distribuidores autorizados.<\/li><\/ul><h5><b>5. Modificaciones de los T\u00e9rminos<\/b><\/h5><p>SEAREBBEL S.L. podr\u00e1 revisar, modificar o actualizar en cualquier momento los presentes T\u00e9rminos y Condiciones, con o sin previo aviso, publicando los cambios en esta misma p\u00e1gina. Dichas modificaciones ser\u00e1n efectivas desde el momento de su publicaci\u00f3n.<\/p><p>Se recomienda al usuario revisar peri\u00f3dicamente este documento para conocer posibles cambios. El uso continuado de la Web tras la publicaci\u00f3n de cualquier modificaci\u00f3n implica la aceptaci\u00f3n de los nuevos T\u00e9rminos y Condiciones.<\/p><p>Asimismo, SEAREBBEL se reserva el derecho a alterar, suspender o interrumpir cualquier aspecto de sus servicios, incluyendo el acceso a la Web. Salvo indicaci\u00f3n expresa en contrario, cualquier nueva funcionalidad o contenido estar\u00e1 igualmente sujeta a estos T\u00e9rminos.<\/p><h5><b>6. Legislaci\u00f3n y jurisdicci\u00f3n<\/b><\/h5><p>Estos T\u00e9rminos y Condiciones se rigen por la legislaci\u00f3n espa\u00f1ola.<\/p><p>Para la resoluci\u00f3n de cualquier controversia derivada del uso de la Web o de los productos de SEAREBBEL, las partes se someten a los juzgados y tribunales de la ciudad de Palma de Mallorca, renunciando a cualquier otro fuero que pudiera corresponderles.<\/p><h5><b>7. Contacto<\/b><\/h5><p>Para cualquier duda o consulta sobre estos T\u00e9rminos y Condiciones, puede escribirnos a:<br \/><strong>Email<\/strong>: info@searebbel.com<br \/><strong>Direcci\u00f3n<\/strong>: Carrer Poeta Costa i Llobera, 47, 07300, Inca, Islas Baleares, Espa\u00f1a<\/p>\t\t\t\t\t\t<\/div>\n\t\t\t\t<\/div>\n\t\t\t\t\t<\/div>\n\t\t<\/div>\n\t\t\t\t\t<\/div>\n\t\t<\/section>\n\t\t\t\t<\/div>\n\t\t","protected":false},"excerpt":{"rendered":"<p>\u00daltima actualizaci\u00f3n: 14 de abril de 2025 Bienvenido\/a a la p\u00e1gina web de Searebbel (en adelante, \u201cla Web\u201d), titularidad de SEAREBBEL S.L., con CIF B42842898, y domicilio social en Carrer Poeta Costa i Llobera, 47, Inca, 07300, Islas Baleares, Espa\u00f1a. Al acceder, navegar o utilizar esta Web, usted acepta los presentes T\u00e9rminos y Condiciones de [&hellip;]<\/p>\n","protected":false},"author":1,"featured_media":0,"parent":0,"menu_order":0,"comment_status":"closed","ping_status":"closed","template":"","meta":{"_acf_changed":false,"inline_featured_image":false,"footnotes":""},"class_list":["post-1644","page","type-page","status-publish","hentry"],"acf":[],"_links":{"self":[{"href":"https:\/\/www.searebbel.com\/es\/wp-json\/wp\/v2\/pages\/1644","targetHints":{"allow":["GET"]}}],"collection":[{"href":"https:\/\/www.searebbel.com\/es\/wp-json\/wp\/v2\/pages"}],"about":[{"href":"https:\/\/www.searebbel.com\/es\/wp-json\/wp\/v2\/types\/page"}],"author":[{"embeddable":true,"href":"https:\/\/www.searebbel.com\/es\/wp-json\/wp\/v2\/users\/1"}],"replies":[{"embeddable":true,"href":"https:\/\/www.searebbel.com\/es\/wp-json\/wp\/v2\/comments?post=1644"}],"version-history":[{"count":5,"href":"https:\/\/www.searebbel.com\/es\/wp-json\/wp\/v2\/pages\/1644\/revisions"}],"predecessor-version":[{"id":36223,"href":"https:\/\/www.searebbel.com\/es\/wp-json\/wp\/v2\/pages\/1644\/revisions\/36223"}],"wp:attachment":[{"href":"https:\/\/www.searebbel.com\/es\/wp-json\/wp\/v2\/media?parent=1644"}],"curies":[{"name":"wp","href":"https:\/\/api.w.org\/{rel}","templated":true}]}}