{"id":1240,"date":"2023-11-20T09:00:53","date_gmt":"2023-11-20T09:00:53","guid":{"rendered":"https:\/\/www.searebbel.com\/terminos-y-condiciones\/"},"modified":"2025-04-14T15:34:00","modified_gmt":"2025-04-14T15:34:00","slug":"aviso-legal","status":"publish","type":"page","link":"https:\/\/www.searebbel.com\/es\/aviso-legal\/","title":{"rendered":"Aviso Legal"},"content":{"rendered":"\t\t<div data-elementor-type=\"wp-page\" data-elementor-id=\"1240\" class=\"elementor elementor-1240 elementor-1138\">\n\t\t\t\t\t\t<section class=\"elementor-section elementor-top-section elementor-element elementor-element-a06288a elementor-section-boxed elementor-section-height-default elementor-section-height-default\" data-id=\"a06288a\" data-element_type=\"section\">\n\t\t\t\t\t\t<div class=\"elementor-container elementor-column-gap-default\">\n\t\t\t\t\t<div class=\"elementor-column elementor-col-100 elementor-top-column elementor-element elementor-element-ff26e63\" data-id=\"ff26e63\" data-element_type=\"column\">\n\t\t\t<div class=\"elementor-widget-wrap elementor-element-populated\">\n\t\t\t\t\t\t<div class=\"elementor-element elementor-element-322a752 elementor-widget elementor-widget-text-editor\" data-id=\"322a752\" data-element_type=\"widget\" data-widget_type=\"text-editor.default\">\n\t\t\t\t<div class=\"elementor-widget-container\">\n\t\t\t\t\t\t\t<h5><b>AVISO LEGAL Y DESCARGO DE RESPONSABILIDAD DEL SISTEMA MOBILEPILOT<\/b><b><br \/><\/b><b><br \/><\/b><b>\u26a0\ufe0f1. IMPORTANTE: RESPONSABILIDAD DURANTE LA NAVEGACI\u00d3N<\/b><\/h5><ul><li style=\"font-weight: 400;\" aria-level=\"1\"><span style=\"font-weight: 400;\">MobilePilot <\/span><b>no sustituye en ning\u00fan caso la responsabilidad de la persona a cargo de la embarcaci\u00f3n<\/b><span style=\"font-weight: 400;\">, ni su obligaci\u00f3n de mantener una <\/span><b>vigilancia constante, activa y el control del gobierno de la embarcaci\u00f3n<\/b><span style=\"font-weight: 400;\">.<\/span><span style=\"font-weight: 400;\"><br \/><\/span><\/li><li style=\"font-weight: 400;\" aria-level=\"1\"><span style=\"font-weight: 400;\">La persona encargada del gobierno de la embarcaci\u00f3n <\/span><b>debe estar preparada para tomar el control manual en cualquier momento<\/b><span style=\"font-weight: 400;\">, especialmente en caso de fallo t\u00e9cnico, p\u00e9rdida de se\u00f1al o comportamiento an\u00f3malo del sistema.<\/span><\/li><\/ul><h5><b>Uso y responsabilidad del usuario<\/b><\/h5><p><span style=\"font-weight: 400;\">El sistema MobilePilot debe ser operado \u00fanicamente por la persona responsable del gobierno de la embarcaci\u00f3n, quien debe contar con la titulaci\u00f3n o licencia mar\u00edtima exigida por la normativa vigente.<\/span><span style=\"font-weight: 400;\"><br \/><\/span><span style=\"font-weight: 400;\">SEAREBBEL S.L. no asume responsabilidad alguna por da\u00f1os o perjuicios derivados del incumplimiento de esta obligaci\u00f3n.<\/span><\/p><h5><b>Naturaleza del sistema<\/b><\/h5><p><span style=\"font-weight: 400;\">MobilePilot es un asistente de navegaci\u00f3n para embarcaciones de recreo.<\/span><span style=\"font-weight: 400;\"><br \/><\/span><span style=\"font-weight: 400;\">En ning\u00fan caso sustituye la obligaci\u00f3n de vigilancia activa ni el control manual por parte del responsable del gobierno de la embarcaci\u00f3n.<\/span><b><br \/><\/b><span style=\"font-weight: 400;\">SEAREBBEL S.L. no se hace responsable de los da\u00f1os ocasionados por un mal uso del sistema.<\/span><\/p><h5><b>Instalaci\u00f3n y configuraci\u00f3n<\/b><\/h5><p><span style=\"font-weight: 400;\">La instalaci\u00f3n del sistema debe realizarse siguiendo estrictamente las instrucciones proporcionadas por SEAREBBEL.<\/span><span style=\"font-weight: 400;\"><br \/><\/span><span style=\"font-weight: 400;\">La responsabilidad de una instalaci\u00f3n correcta recae exclusivamente en la persona que la ejecute.<\/span><span style=\"font-weight: 400;\"><br \/><\/span><span style=\"font-weight: 400;\">SEAREBBEL no ser\u00e1 responsable por incidentes derivados de instalaciones incorrectas, configuraciones inadecuadas, omisi\u00f3n de actualizaciones o el incumplimiento de las instrucciones de instalaci\u00f3n.<\/span><\/p><h5><b>Uso adecuado y mantenimiento<\/b><\/h5><p><span style=\"font-weight: 400;\">El usuario es responsable de cualquier da\u00f1o resultante del uso incorrecto, negligente o contrario a las instrucciones de uso, instalaci\u00f3n y mantenimiento facilitadas por SEAREBBEL.<\/span><span style=\"font-weight: 400;\"><br \/><\/span><span style=\"font-weight: 400;\">El sistema puede presentar fallos t\u00e9cnicos, mec\u00e1nicos o de software. El usuario asume plenamente los riesgos asociados a su uso.<\/span><span style=\"font-weight: 400;\"><br \/><\/span><span style=\"font-weight: 400;\">SEAREBBEL S.L. no ser\u00e1 responsable, en ning\u00fan caso, de da\u00f1os directos, indirectos, incidentales o derivados del uso o la imposibilidad de uso del MobilePilot.<\/span><\/p><h5><b>Reconocimientos t\u00e9cnicos y cumplimiento normativo<\/b><\/h5><p><span style=\"font-weight: 400;\">La instalaci\u00f3n del sistema MobilePilot puede constituir una modificaci\u00f3n relevante del sistema de gobierno de la embarcaci\u00f3n.<\/span><span style=\"font-weight: 400;\"><br \/><\/span><span style=\"font-weight: 400;\">Corresponde exclusivamente al usuario asegurarse del cumplimiento de cualquier requisito t\u00e9cnico o administrativo exigido por la Administraci\u00f3n Mar\u00edtima competente.<\/span><b><br \/><\/b><span style=\"font-weight: 400;\">SEAREBBEL no asume ninguna responsabilidad por el incumplimiento de la normativa mar\u00edtima aplicable.<\/span><\/p><h5><b>Seguro obligatorio<\/b><\/h5><p><span style=\"font-weight: 400;\">El usuario debe comunicar previamente a su compa\u00f1\u00eda aseguradora la instalaci\u00f3n del sistema MobilePilot y confirmar que dicha modificaci\u00f3n est\u00e1 cubierta por su p\u00f3liza.<\/span><span style=\"font-weight: 400;\"><br \/><\/span><span style=\"font-weight: 400;\">SEAREBBEL no ser\u00e1 responsable en ning\u00fan caso por la p\u00e9rdida total o parcial de cobertura del seguro obligatorio derivada de la instalaci\u00f3n o uso del sistema.<\/span><\/p><h5><b>Limitaciones de uso<\/b><\/h5><p><span style=\"font-weight: 400;\">El sistema MobilePilot <\/span><b>no debe utilizarse bajo ninguna circunstancia<\/b><span style=\"font-weight: 400;\">:<\/span><\/p><ul><li style=\"font-weight: 400;\" aria-level=\"1\"><span style=\"font-weight: 400;\">Como sustituto del control manual activo y constante de la embarcaci\u00f3n por parte del responsable del gobierno de la embarcaci\u00f3n.<\/span><span style=\"font-weight: 400;\"><br \/><\/span><\/li><li style=\"font-weight: 400;\" aria-level=\"1\"><span style=\"font-weight: 400;\">En embarcaciones destinadas a usos comerciales o profesionales sin autorizaci\u00f3n previa expresa y por escrito de SEAREBBEL S.L.<\/span><\/li><li style=\"font-weight: 400;\" aria-level=\"1\"><span style=\"font-weight: 400;\">Bajo condiciones meteorol\u00f3gicas adversas, mala visibilidad o cualquier circunstancia que pueda comprometer la seguridad durante la navegaci\u00f3n.<\/span><span style=\"font-weight: 400;\"><br \/><\/span><\/li><li style=\"font-weight: 400;\" aria-level=\"1\"><span style=\"font-weight: 400;\">Si detecta cualquier holgura, anomal\u00eda, ruido extra\u00f1o o respuesta irregular tras la instalaci\u00f3n o durante su uso. En estos casos, desconecte inmediatamente el dispositivo y contacte con su punto de venta o distribuidor autorizado.<\/span><\/li><li style=\"font-weight: 400;\" aria-level=\"1\">En situaciones en las que exista riesgo de exposici\u00f3n directa o continuada factores que puedan da\u00f1ar los componentes electr\u00f3nicos. Aseg\u00farese siempre de que todas las conexiones el\u00e9ctricas est\u00e9n debidamente protegidas de la humedad y la corrosi\u00f3n.<\/li><li style=\"font-weight: 400;\" aria-level=\"1\">Si el dispositivo presenta fallos, da\u00f1os visibles en cables o conexiones, o si ha sufrido cualquier impacto o ca\u00edda que pudiera haber afectado su integridad o funcionalidad.<\/li><\/ul><h5><b>Recomendaciones de Seguridad<\/b><\/h5><ul><li style=\"font-weight: 400;\" aria-level=\"1\"><span style=\"font-weight: 400;\">Instale el sistema MobilePilot siguiendo estrictamente las instrucciones del fabricante (SEAREBBEL).<\/span><\/li><li style=\"font-weight: 400;\" aria-level=\"1\">El dispositivo s\u00f3lo debe utilizarse despu\u00e9s de haber confirmado una instalaci\u00f3n y configuraci\u00f3n exitosa seg\u00fan las instrucciones del manual.<\/li><li style=\"font-weight: 400;\" aria-level=\"1\">Compruebe regularmente el estado del sistema. Se recomienda realizar comprobaciones t\u00e9cnicas del MobilePilot cada <b style=\"background-color: transparent;\">6 meses<\/b><span style=\"background-color: transparent;\">. Dichas comprobaciones deber\u00e1n efectuarse adicionalmente tras per\u00edodos prolongados sin uso (m\u00e1s de tres meses), despu\u00e9s de condiciones meteorol\u00f3gicas adversas o inmediatamente despu\u00e9s de cualquier incidente o impacto que pueda haber afectado a la integridad o funcionamiento del dispositivo.<\/span><\/li><li style=\"font-weight: 400;\" aria-level=\"1\">Utilice el MobilePilot \u00fanicamente en condiciones meteorol\u00f3gicas adecuadas y compatibles con una navegaci\u00f3n segura.<\/li><li style=\"font-weight: 400;\" aria-level=\"1\">Mantenga en todo momento la capacidad de recuperar el control manual de la embarcaci\u00f3n.<\/li><li style=\"font-weight: 400;\" aria-level=\"1\">En caso de mal funcionamiento, anomal\u00eda o p\u00e9rdida de control del sistema MobilePilot, deber\u00e1 pasar inmediatamente a control manual de acuerdo a lo indicado en la secci\u00f3n correspondiente del manual.<\/li><li style=\"font-weight: 400;\" aria-level=\"1\">De conformidad con la normativa de seguridad mar\u00edtima aplicable, la instalaci\u00f3n del sistema MobilePilot puede considerarse una modificaci\u00f3n relevante del sistema de gobierno de la embarcaci\u00f3n (timoner\u00eda), lo que podr\u00eda requerir un reconocimiento adicional por parte de la Administraci\u00f3n Mar\u00edtima. Es su responsabilidad informarse y cumplir con los requisitos administrativos y t\u00e9cnicos exigidos por la autoridad competente.<\/li><\/ul><h5><b>Declaraci\u00f3n de conformidad (UE)<\/b><\/h5><ul><li>SEAREBBEL S.L. declara que el producto MobilePilot Aur v1.0 cumple con los requisitos esenciales de la Directiva 2014\/53\/UE. Puede consultar el texto completo de la Declaraci\u00f3n de Conformidad en:<a href=\"https:\/\/www.searebbel.com\/es\/declaracion-de-conformidad-ue\"><span> https:\/\/www.searebbel.com\/es\/declaracion-de-conformidad-ue<\/span><\/a><\/li><\/ul><h5><b>Bandas de frecuencia y potencia m\u00e1xima de transmisi\u00f3n:<\/b><\/h5><table><tbody><tr><td><p><b>Tecnolog\u00eda<\/b><\/p><\/td><td><p><b>Banda de frecuencia<\/b><\/p><\/td><td><p><b>Potencia m\u00e1x. de transmisi\u00f3n<\/b><\/p><\/td><\/tr><tr><td><p><span style=\"font-weight: 400;\">Bluetooth<\/span><\/p><\/td><td><p><span style=\"font-weight: 400;\">2400 \u2013 2483,5 MHz<\/span><\/p><\/td><td><p><span style=\"font-weight: 400;\">&lt; 10 dBm (10 mW)<\/span><\/p><\/td><\/tr><tr><td><p><span style=\"font-weight: 400;\">Wi-Fi 2.4G<\/span><\/p><\/td><td><p><span style=\"font-weight: 400;\">2400 \u2013 2483,5 MHz<\/span><\/p><\/td><td><p><span style=\"font-weight: 400;\">&lt; 20 dBm (100 mW)<\/span><\/p><\/td><\/tr><tr><td><p><span style=\"font-weight: 400;\">NFC<\/span><\/p><\/td><td><p><span style=\"font-weight: 400;\">13,56 MHz<\/span><\/p><\/td><td><p><span style=\"font-weight: 400;\">&lt; 42 dB\u03bcA\/m a 10 m<\/span><\/p><\/td><\/tr><tr><td><p><span style=\"font-weight: 400;\">GNSS<\/span><\/p><\/td><td><p><span style=\"font-weight: 400;\">1575,42 MHz (GPS), 1602 MHz (GLONASS)<\/span><\/p><\/td><td><p><span style=\"font-weight: 400;\">N\/A (receptor pasivo)<\/span><\/p><\/td><\/tr><\/tbody><\/table><h5><b>Restricciones de uso por pa\u00eds:<\/b><\/h5><p><span style=\"font-weight: 400;\">El uso del dispositivo est\u00e1 permitido en todos los pa\u00edses de la Uni\u00f3n Europea.<\/span><span style=\"font-weight: 400;\"><br \/><\/span><span style=\"font-weight: 400;\"> Para m\u00e1s informaci\u00f3n, consulte el sitio oficial de la Comisi\u00f3n Europea:<\/span><span style=\"font-weight: 400;\"><br \/><\/span> <a href=\"https:\/\/ec.europa.eu\/docsroom\/documents\/45687\"><span style=\"font-weight: 400;\">https:\/\/ec.europa.eu\/docsroom\/documents\/45687<\/span><\/a><\/p>\t\t\t\t\t\t<\/div>\n\t\t\t\t<\/div>\n\t\t\t\t\t<\/div>\n\t\t<\/div>\n\t\t\t\t\t<\/div>\n\t\t<\/section>\n\t\t\t\t<\/div>\n\t\t","protected":false},"excerpt":{"rendered":"<p>AVISO LEGAL Y DESCARGO DE RESPONSABILIDAD DEL SISTEMA MOBILEPILOT\u26a0\ufe0f1. IMPORTANTE: RESPONSABILIDAD DURANTE LA NAVEGACI\u00d3N MobilePilot no sustituye en ning\u00fan caso la responsabilidad de la persona a cargo de la embarcaci\u00f3n, ni su obligaci\u00f3n de mantener una vigilancia constante, activa y el control del gobierno de la embarcaci\u00f3n. La persona encargada del gobierno de la embarcaci\u00f3n [&hellip;]<\/p>\n","protected":false},"author":1,"featured_media":0,"parent":0,"menu_order":0,"comment_status":"closed","ping_status":"closed","template":"","meta":{"_acf_changed":false,"inline_featured_image":false,"footnotes":""},"class_list":["post-1240","page","type-page","status-publish","hentry"],"acf":[],"_links":{"self":[{"href":"https:\/\/www.searebbel.com\/es\/wp-json\/wp\/v2\/pages\/1240","targetHints":{"allow":["GET"]}}],"collection":[{"href":"https:\/\/www.searebbel.com\/es\/wp-json\/wp\/v2\/pages"}],"about":[{"href":"https:\/\/www.searebbel.com\/es\/wp-json\/wp\/v2\/types\/page"}],"author":[{"embeddable":true,"href":"https:\/\/www.searebbel.com\/es\/wp-json\/wp\/v2\/users\/1"}],"replies":[{"embeddable":true,"href":"https:\/\/www.searebbel.com\/es\/wp-json\/wp\/v2\/comments?post=1240"}],"version-history":[{"count":7,"href":"https:\/\/www.searebbel.com\/es\/wp-json\/wp\/v2\/pages\/1240\/revisions"}],"predecessor-version":[{"id":36231,"href":"https:\/\/www.searebbel.com\/es\/wp-json\/wp\/v2\/pages\/1240\/revisions\/36231"}],"wp:attachment":[{"href":"https:\/\/www.searebbel.com\/es\/wp-json\/wp\/v2\/media?parent=1240"}],"curies":[{"name":"wp","href":"https:\/\/api.w.org\/{rel}","templated":true}]}}